{"id":23,"date":"2013-09-02T15:16:33","date_gmt":"2013-09-02T14:16:33","guid":{"rendered":"http:\/\/rotation.eu\/nl\/?page_id=23"},"modified":"2013-09-02T15:16:33","modified_gmt":"2013-09-02T14:16:33","slug":"in-de-praktijk","status":"publish","type":"page","link":"http:\/\/rotation.eu\/nl\/behandelingen\/quantum-response\/in-de-praktijk\/","title":{"rendered":"In De Praktijk"},"content":{"rendered":"<h1><span style=\"color: #000000;\"><span style=\"font-size: x-large;\">Radionica met de M.A.R.S. III in de praktijk. <\/span><\/span><\/h1>\n<p><span style=\"font-family: Tahoma, sans-serif;\"><span style=\"font-size: medium;\">Gerrit van Gorp (NVKH) heeft sinds 25 jaar een praktijk voor klassieke homeopathie in Maartensdijk en Medemblik. Hij behandeld hier vele mensen met een grote diversiteit aan klachten. Sinds Gerrit met Radionica werkt krijgt hij steeds vaker lokjes haar opgestuurd van mensen die hem consulteren voor een radionisch onderzoek en behandeling. Hij doet dit voor mensen, dieren en heeft zelfs met succes een veld met gewassen behandeld. <\/span><\/span><\/p>\n<p><span style=\"font-family: Tahoma, sans-serif;\"><span style=\"font-size: medium;\"><i>Wat was voor jou de belangrijkste reden om met radionica te gaan werken? <\/i><\/span><\/span><\/p>\n<p><span style=\"font-family: Tahoma, sans-serif;\"><span style=\"font-size: medium;\">Gerrit: De afgelopen 10 jaar is er bij mij een groeiende interesse ontstaan in wat de werkelijke oorzaken van ziekte uitingen zijn. Het komt voor dat bij iemand die een homeopathisch middel inneemt een verbetering van klachten optreedt die in het verre verleden zijn ontstaan en die niet in de anamnese zijn genoemd. Dat roept vragen op als \u201cwaar ligt de werkelijke oorzaak?\u201d. Op een gegeven moment kwam ik in contact met de M.A.R.S. III (Multiple Analyse Radionic System), een computergestuurd radionica instrument en was gefascineerd over de diagnostische en therapeutische mogelijkheden. Intu\u00eftief voelde ik aan dat dit het instrument was dat mij verder kon helpen bij deze vraag. <\/span><\/span><\/p>\n<p><span style=\"font-family: Tahoma, sans-serif;\"><span style=\"font-size: medium;\">Inmiddels gebruik ik radionica gedurende 2 jaar in mijn praktijk en zet deze zowel diagnostisch als therapeutisch in. <\/span><\/span><\/p>\n<p><span style=\"font-family: Tahoma, sans-serif;\"><span style=\"font-size: medium;\">Het voordeel van het werken met M.A.R.S. III zit in de snelheid waarmee men tot een therapeutisch middel\/resultaat komt, en de ongekende veelzijdigheid waarmee het instrument ingezet kan worden. Of het nu gaat om de inzet binnen de natuurgeneeskundige praktijk, behandeling van dieren, land en tuinbouw of coaching. De veelzijdige testmogelijkheden maken het allemaal mogelijk. In dit artikel beperk ik me om enkele toepassingen te illustreren in mijn homeopathische praktijk. <\/span><\/span><\/p>\n<p><span style=\"font-family: Tahoma, sans-serif;\"><span style=\"font-size: medium;\">Gebruik maken van radionica kan dienst doen als een repertorium. In de conventionele homeopathische praktijk kiest de homeopaat een middel door na een uitgebreide anamnese symptomen en kenmerken van de pati\u00ebnt te verzamelen en deze op te zoeken in een repertorium. Hieruit worden een aantal middelen verzameld die allen meer of minder het totaal van de symptomen dekken. Op grond van de ervaring van de homeopaat en kennis van de materia medica, kiest de homeopaat het meest passende enkelvoudig homeopathisch geneesmiddel. Het repertoriseren op deze manier kan een tijdrovende bezigheid zijn, ook al gebruikt de homeopaat een computer repertorium. De radionica apparatuur kan hierbij een grote hulp zijn, het geeft informatie over zowel de fysieke als emotionele oorzaken van de klachten wat handig is bij het bepalen van het juiste middel maar vooral ook wanneer er bij de cases haast is geboden. De werkwijze om dit met de M.A.R.S. III te doen is in beginsel eenvoudig. De homeopaat heeft eerst een \u201cwitness\u201d van de pati\u00ebnt nodig. Dit kan een lokje haar of een druppel bloed zijn die in de inputcup van de apparatuur wordt gelegd of de homeopaat vraagt de pati\u00ebnt om zijn handen op speciale handapplicatoren te plaatsen. Hiervan wordt dan een scan gemaakt die als basis dient voor verder onderzoek. De anamnese vindt op dezelfde wijze plaats als op de \u201cklassieke\u201d manier. Uiteraard blijft grondige vakkennis nodig van het vakgebied waarvoor men de radionica apparatuur wil inzetten. <\/span><\/span><\/p>\n<p><span style=\"font-family: Tahoma, sans-serif;\"><span style=\"font-size: medium;\">De meting die hierna volgt, duurt plm. 10 seconden. Op het computerscherm komen de middelen te staan in volgorde van belangrijkheid. Hieruit kiest de homeopaat het meest geschikte middel. Nadat het middel is gekozen kan de gewenste potentie ook radionisch gevonden worden en kan men het middel eventueel energetiseren op een drager (globuli of water). Dit proces heeft bepaalde voordelen omdat het voor een homeopaat onmogelijk is om alle middelen in huis te hebben en bepaalde homeopatische nosoden niet meer op de markt beschikbaar zijn. De M.A.R.S. III heeft meer dan 2600 homeopatische frequenties tot zijn beschikking die men kan simuleren in alle gewenste potenties. <\/span><\/span><\/p>\n<p>&nbsp;<\/p>\n<p><span style=\"font-family: Tahoma, sans-serif;\"><span style=\"font-size: medium;\">Hoe een en ander praktisch te werk gaat wordt ge\u00efllustreerd in de volgende voorbeelden.<\/span><\/span><\/p>\n<p>&nbsp;<\/p>\n<h2><span style=\"font-family: Tahoma, sans-serif;\">Praktijkvoorbeeld 1:<\/span><b> <\/b><\/h2>\n<p><span style=\"font-family: Tahoma, sans-serif;\"><span style=\"font-size: medium;\">Een vrouw (40), collega, komt met klachten die voortkomen uit een gespannen periode in het verleden (scheiding): vermoeidheid, hoofdpijn, vertigo, braken na warme maaltijd. Na de anamnese werd met behulp van de apparatuur de volgende middelen gevonden: <\/span><\/span><\/p>\n<p><span style=\"font-family: Tahoma, sans-serif;\"><span style=\"font-size: medium;\">Hierin zien we dat Adrenalin als hoogste (91%) naar voren komt op level 4 (hoe hoger het level hoe fijnstoffelijker, level 4 correspondeert hier met de emoties en het gevoel). <\/span><\/span><\/p>\n<p><span style=\"font-family: Tahoma, sans-serif;\"><span style=\"font-size: medium;\">Aangezien de pati\u00ebnt zelf homeopate is besluit zij zelf Adrenalin te kiezen. Zij was bekend met het middel en was verbaasd en tegelijkertijd enthousiast over het resultaat. Adrenaline is een hormoon wat vrij komt in gespannen situaties (paniek, schrik, trauma). Dit was duidelijk in de situatie van de collega. Na het middel te hebben ingenomen belde de collega mij en wist te vertellen dat ze zich rustiger en energieker voelde. En dat ze vervolgens ook Abrotanum ging innemen. <\/span><\/span><\/p>\n<p>&nbsp;<\/p>\n<h2><span style=\"font-family: Tahoma, sans-serif;\">Praktijkvoorbeeld 2: <\/span><\/h2>\n<p><span style=\"font-family: Tahoma, sans-serif;\"><span style=\"font-size: medium;\">De moeder van een pati\u00ebntje belde met een vermoeide stem op met de mededeling dat haar dochtertje van vier \u2019s-nachts absoluut niet wilde slapen. Zij was de gehele nacht zeer actief en wilde niets anders dan spelen, wat haar ouders ook uit de slaap hield. <\/span><\/span><\/p>\n<p><span style=\"font-family: Tahoma, sans-serif;\"><span style=\"font-size: medium;\">Ik adviseerde Cypripedium. En kenmerk van het middel is dat kinderen \u2019s-Nachts klaarwakker kunnen zijn en de slaap niet kunnen vatten, terwijl dit overdag het tegenovergestelde is. <\/span><\/span><\/p>\n<p><span style=\"font-family: Tahoma, sans-serif;\"><span style=\"font-size: medium;\">Aangezien de nood van de ouders nogal hoog was en ten einde raad waren, besloot ik het middel niet op te sturen maar het radionisch naar het kind te \u201czenden\u201d. De M.A.R.S. III beschikt over deze mogelijkheid en het werkt fantastisch <i>(zie het artikel \u201cBewustzijn over Materie\u201d in Beyond Medicine van oktober 2006) <\/i>, vooral als de omstandigheden er naar zijn dat de pati\u00ebnt niet in staat is om naar de praktijk te komen. Het middel werd in de potentie C30 uitgezonden. Na 2 dagen belde de moeder op en wist mede te delen dat het uitstekend heeft geholpen. De behandeling werkte direct. <\/span><\/span><\/p>\n<p>&nbsp;<\/p>\n<h2><span style=\"font-family: Tahoma, sans-serif;\">Praktijkvoorbeeld 3:<\/span><\/h2>\n<p><span style=\"font-family: Tahoma, sans-serif;\"><span style=\"font-size: medium;\">Een kind van zeven jaar consulteerde mij en kwam met beide ouders mee. De moeder (verpleegkundige) nam het woord en begon over haar zoontje te vertellen. Het kind was al een paar jaar bij een collega homeopaat in behandeling voor astmatische bronchitis. Zijn reguliere medicatie bestond uit Ventolin en Pulmocort. De ouders waren tevreden over de vooruitgang die het kind boekte, maar er was toch wel een belangrijk symptoom waar de ouders geen verandering in zagen. Het kind bleek kenmerken van autisme te hebben. <\/span><\/span><\/p>\n<p><span style=\"font-family: Tahoma, sans-serif;\"><span style=\"font-size: medium;\">Ik had totaal geen contact met hem. Thuis kon hij alleen maar op de bank zitten en voor zich uit staren. Ook zijn broertje negeerde hij volkomen. Alleen zijn moeder kon een beetje contact maken. Hij kon gebrekkig praten. In speelgoed had hij geen interesse en liet dat meestal doelloos voor zich op de grond liggen. Ja, wat moet je als homeopaat dan met een dergelijke pati\u00ebnt? Ik besloot een zgn. therapie-voorkeurstest uit te voeren. Dit is een testmethode waarbij je radionisch kunt bepalen welke therapie op het moment het meest zinvol is. <\/span><\/span><\/p>\n<p><span style=\"font-family: Tahoma, sans-serif;\"><span style=\"font-size: medium;\">Bij deze pati\u00ebnt was via deze test zichtbaar dat er een blokkade aanwezig was in de subtiele lichamen met een relevantie van 96%. Na een test op dit niveau te hebben uitgevoerd kwam aan het licht waar de blokkades zaten. Zie onderstaand voorbeeld: <\/span><\/span><\/p>\n<p><span style=\"font-family: Tahoma, sans-serif;\"><span style=\"font-size: medium;\">Opvallend aan deze uitslag is <i>Earth <\/i>op level 2 met een significantie van 99% , de <i>Nadis <\/i>(fijnstoffelijke component van het zenuwstelsel) op level 1 met een significantie van 83% en het <i>Crown chakra <\/i>(kroon chakra) op level 4 met een significantie van 72%. Deze uitslagen duiden op een blokkade op fijnstoffelijk niveau waardoor het zenuwstelsel inclusief de zintuigelijke activiteit niet voldoende actief zijn, de jongen is onvoldoende ge\u00efncarneerd in de stof (Earth). De Solar Plexus staat hier voor het onvermogen om zichzelf emotioneel uit te drukken. Van bovenstaande waarden werd weer radionisch een geschikte potentie gevonden en de gevonden frequenties ge\u00ebnergetiseerd op globuli , deze werden aan de pat\u00ebnt meegegeven. Na vier weken kwam pati\u00ebnt met ouders weer op consult. Ook zijn broertje kwam mee. Het verschil was enorm. De pati\u00ebnt had contact met mij. Hij speelde met speelgoed en maakte zelfs af en toe ruzie met zijn broertje. Ik heb de ouders het advies gegeven om naar een logopediste te gaan omdat zijn spraak slecht ontwikkeld was. Het gebruik van Ventolin en Pulmocort had zijn moeder i.o. de longarts met de helft teruggebracht. Hierna werd nog een test uitgevoerd om te zien of er nog blokkades aanwezig waren op emotioneel niveau. Hierbij werd gebruik gemaakt van Flower remedies, waarvan de frequenties in de M.A.R.S.III aanwezig zijn. Hier kwam de flower remedie Papagaaienblad van Bloesem Remedies Nederland naar voren, deze geeft ondersteuning voor het \u201cthuis\u201d voelen op aarde , en de Alaska remedie, White Fireweed voor healing van diep emotioneel trauma en shock. <\/span><\/span><\/p>\n<p><span style=\"font-family: Tahoma, sans-serif;\"><span style=\"font-size: medium;\">Het voordeel van het testen van flowers is dat de bijbehorende uitleg veel zegt over de emotionele toestand van de pati\u00ebnt. Nadat deze middelen aan de pati\u00ebnt werden geadviseerd, werd besloten om de behandeling niet voort te zetten. Het doel was behaald. <\/span><\/span><\/p>\n<p><span style=\"font-family: Tahoma, sans-serif;\"><span style=\"font-size: medium;\">Dit zijn slechts enkele van de vele voorbeelden die ik heb in mijn praktijk sinds ik werk met de Copen Radionica. Radionica vervangt absoluut niet mijn kennis en werk als homeopaat maar het heeft de mogelijkheden voor analyse en therapie binnen mijn praktijk wezenlijk vergroot. De automatische radionische analysen werken voorbij de logica. Dit heeft als voordeel dat er zaken naar voren kunnen komen waar je logischer wijze niet aan hebt gedacht of die de pati\u00ebnt je niet verteld maar die van groot belang zijn voor de therapie. <\/span><\/span><\/p>\n<p>&nbsp;<\/p>\n<p><span style=\"font-family: Tahoma, sans-serif;\"><span style=\"font-size: medium;\">Met dank aan Gerrit van Gorp 06-53808084 , www.natuurlijk-genezen.nl <\/span><\/span><\/p>\n<p><span style=\"font-family: Tahoma, sans-serif;\"><span style=\"font-size: medium;\">Meer informatie over Radionica op www. brucecopen.nl of Vision Unlimited 035-6032900 <\/span><\/span><\/p>\n<p>&nbsp;<\/p>\n<span class=\"rad_rapidology_bottom_trigger\"><\/span>","protected":false},"excerpt":{"rendered":"<p>Radionica met de M.A.R.S. III in de praktijk. Gerrit van Gorp (NVKH) heeft sinds 25 jaar een praktijk voor klassieke homeopathie in Maartensdijk en Medemblik. Hij behandeld hier vele mensen met een grote diversiteit aan klachten. Sinds Gerrit met Radionica werkt krijgt hij steeds vaker lokjes haar opgestuurd van mensen die hem consulteren voor een &hellip; <\/p>\n<p><a class=\"more-link btn\" href=\"http:\/\/rotation.eu\/nl\/behandelingen\/quantum-response\/in-de-praktijk\/\">Lees verder<\/a><\/p>\n","protected":false},"author":1,"featured_media":0,"parent":14,"menu_order":1,"comment_status":"open","ping_status":"open","template":"","meta":{"_monsterinsights_skip_tracking":false,"_monsterinsights_sitenote_active":false,"_monsterinsights_sitenote_note":"","_monsterinsights_sitenote_category":0,"_links_to":"","_links_to_target":""},"yoast_head":"<!-- This site is optimized with the Yoast SEO plugin v20.6 - https:\/\/yoast.com\/wordpress\/plugins\/seo\/ -->\n<title>In De Praktijk - Rotation Gezondheid<\/title>\n<meta name=\"robots\" content=\"index, follow, max-snippet:-1, max-image-preview:large, max-video-preview:-1\" \/>\n<link rel=\"canonical\" href=\"http:\/\/rotation.eu\/nl\/behandelingen\/quantum-response\/in-de-praktijk\/\" \/>\n<meta property=\"og:locale\" content=\"nl_NL\" \/>\n<meta property=\"og:type\" content=\"article\" \/>\n<meta property=\"og:title\" content=\"In De Praktijk - Rotation Gezondheid\" \/>\n<meta property=\"og:description\" content=\"Radionica met de M.A.R.S. III in de praktijk. Gerrit van Gorp (NVKH) heeft sinds 25 jaar een praktijk voor klassieke homeopathie in Maartensdijk en Medemblik. Hij behandeld hier vele mensen met een grote diversiteit aan klachten. Sinds Gerrit met Radionica werkt krijgt hij steeds vaker lokjes haar opgestuurd van mensen die hem consulteren voor een &hellip; Lees verder\" \/>\n<meta property=\"og:url\" content=\"http:\/\/rotation.eu\/nl\/behandelingen\/quantum-response\/in-de-praktijk\/\" \/>\n<meta property=\"og:site_name\" content=\"Rotation Gezondheid\" \/>\n<meta name=\"twitter:label1\" content=\"Geschatte leestijd\" \/>\n\t<meta name=\"twitter:data1\" content=\"8 minuten\" \/>\n<script type=\"application\/ld+json\" class=\"yoast-schema-graph\">{\"@context\":\"https:\/\/schema.org\",\"@graph\":[{\"@type\":\"WebPage\",\"@id\":\"http:\/\/rotation.eu\/nl\/behandelingen\/quantum-response\/in-de-praktijk\/\",\"url\":\"http:\/\/rotation.eu\/nl\/behandelingen\/quantum-response\/in-de-praktijk\/\",\"name\":\"In De Praktijk - Rotation Gezondheid\",\"isPartOf\":{\"@id\":\"https:\/\/rotation.eu\/nl\/#website\"},\"datePublished\":\"2013-09-02T14:16:33+00:00\",\"dateModified\":\"2013-09-02T14:16:33+00:00\",\"breadcrumb\":{\"@id\":\"http:\/\/rotation.eu\/nl\/behandelingen\/quantum-response\/in-de-praktijk\/#breadcrumb\"},\"inLanguage\":\"nl\",\"potentialAction\":[{\"@type\":\"ReadAction\",\"target\":[\"http:\/\/rotation.eu\/nl\/behandelingen\/quantum-response\/in-de-praktijk\/\"]}]},{\"@type\":\"BreadcrumbList\",\"@id\":\"http:\/\/rotation.eu\/nl\/behandelingen\/quantum-response\/in-de-praktijk\/#breadcrumb\",\"itemListElement\":[{\"@type\":\"ListItem\",\"position\":1,\"name\":\"Therapie\u00ebn\",\"item\":\"http:\/\/rotation.eu\/nl\/behandelingen\/\"},{\"@type\":\"ListItem\",\"position\":2,\"name\":\"Quantum Response\",\"item\":\"http:\/\/rotation.eu\/nl\/behandelingen\/quantum-response\/\"},{\"@type\":\"ListItem\",\"position\":3,\"name\":\"In De Praktijk\"}]},{\"@type\":\"WebSite\",\"@id\":\"https:\/\/rotation.eu\/nl\/#website\",\"url\":\"https:\/\/rotation.eu\/nl\/\",\"name\":\"Rotation Gezondheid\",\"description\":\"Orthomoleculaire Voeding &amp; Quantum Response\",\"publisher\":{\"@id\":\"https:\/\/rotation.eu\/nl\/#organization\"},\"potentialAction\":[{\"@type\":\"SearchAction\",\"target\":{\"@type\":\"EntryPoint\",\"urlTemplate\":\"https:\/\/rotation.eu\/nl\/?s={search_term_string}\"},\"query-input\":\"required name=search_term_string\"}],\"inLanguage\":\"nl\"},{\"@type\":\"Organization\",\"@id\":\"https:\/\/rotation.eu\/nl\/#organization\",\"name\":\"Rotation Gezondheid\",\"url\":\"https:\/\/rotation.eu\/nl\/\",\"logo\":{\"@type\":\"ImageObject\",\"inLanguage\":\"nl\",\"@id\":\"https:\/\/rotation.eu\/nl\/#\/schema\/logo\/image\/\",\"url\":\"https:\/\/i0.wp.com\/rotation.eu\/nl\/wp-content\/uploads\/2016\/01\/Logo-Rotation-Gabriola-nl.png?fit=378%2C208\",\"contentUrl\":\"https:\/\/i0.wp.com\/rotation.eu\/nl\/wp-content\/uploads\/2016\/01\/Logo-Rotation-Gabriola-nl.png?fit=378%2C208\",\"width\":378,\"height\":208,\"caption\":\"Rotation Gezondheid\"},\"image\":{\"@id\":\"https:\/\/rotation.eu\/nl\/#\/schema\/logo\/image\/\"}}]}<\/script>\n<!-- \/ Yoast SEO plugin. -->","yoast_head_json":{"title":"In De Praktijk - Rotation Gezondheid","robots":{"index":"index","follow":"follow","max-snippet":"max-snippet:-1","max-image-preview":"max-image-preview:large","max-video-preview":"max-video-preview:-1"},"canonical":"http:\/\/rotation.eu\/nl\/behandelingen\/quantum-response\/in-de-praktijk\/","og_locale":"nl_NL","og_type":"article","og_title":"In De Praktijk - Rotation Gezondheid","og_description":"Radionica met de M.A.R.S. III in de praktijk. Gerrit van Gorp (NVKH) heeft sinds 25 jaar een praktijk voor klassieke homeopathie in Maartensdijk en Medemblik. Hij behandeld hier vele mensen met een grote diversiteit aan klachten. Sinds Gerrit met Radionica werkt krijgt hij steeds vaker lokjes haar opgestuurd van mensen die hem consulteren voor een &hellip; Lees verder","og_url":"http:\/\/rotation.eu\/nl\/behandelingen\/quantum-response\/in-de-praktijk\/","og_site_name":"Rotation Gezondheid","twitter_misc":{"Geschatte leestijd":"8 minuten"},"schema":{"@context":"https:\/\/schema.org","@graph":[{"@type":"WebPage","@id":"http:\/\/rotation.eu\/nl\/behandelingen\/quantum-response\/in-de-praktijk\/","url":"http:\/\/rotation.eu\/nl\/behandelingen\/quantum-response\/in-de-praktijk\/","name":"In De Praktijk - Rotation Gezondheid","isPartOf":{"@id":"https:\/\/rotation.eu\/nl\/#website"},"datePublished":"2013-09-02T14:16:33+00:00","dateModified":"2013-09-02T14:16:33+00:00","breadcrumb":{"@id":"http:\/\/rotation.eu\/nl\/behandelingen\/quantum-response\/in-de-praktijk\/#breadcrumb"},"inLanguage":"nl","potentialAction":[{"@type":"ReadAction","target":["http:\/\/rotation.eu\/nl\/behandelingen\/quantum-response\/in-de-praktijk\/"]}]},{"@type":"BreadcrumbList","@id":"http:\/\/rotation.eu\/nl\/behandelingen\/quantum-response\/in-de-praktijk\/#breadcrumb","itemListElement":[{"@type":"ListItem","position":1,"name":"Therapie\u00ebn","item":"http:\/\/rotation.eu\/nl\/behandelingen\/"},{"@type":"ListItem","position":2,"name":"Quantum Response","item":"http:\/\/rotation.eu\/nl\/behandelingen\/quantum-response\/"},{"@type":"ListItem","position":3,"name":"In De Praktijk"}]},{"@type":"WebSite","@id":"https:\/\/rotation.eu\/nl\/#website","url":"https:\/\/rotation.eu\/nl\/","name":"Rotation Gezondheid","description":"Orthomoleculaire Voeding &amp; Quantum Response","publisher":{"@id":"https:\/\/rotation.eu\/nl\/#organization"},"potentialAction":[{"@type":"SearchAction","target":{"@type":"EntryPoint","urlTemplate":"https:\/\/rotation.eu\/nl\/?s={search_term_string}"},"query-input":"required name=search_term_string"}],"inLanguage":"nl"},{"@type":"Organization","@id":"https:\/\/rotation.eu\/nl\/#organization","name":"Rotation Gezondheid","url":"https:\/\/rotation.eu\/nl\/","logo":{"@type":"ImageObject","inLanguage":"nl","@id":"https:\/\/rotation.eu\/nl\/#\/schema\/logo\/image\/","url":"https:\/\/i0.wp.com\/rotation.eu\/nl\/wp-content\/uploads\/2016\/01\/Logo-Rotation-Gabriola-nl.png?fit=378%2C208","contentUrl":"https:\/\/i0.wp.com\/rotation.eu\/nl\/wp-content\/uploads\/2016\/01\/Logo-Rotation-Gabriola-nl.png?fit=378%2C208","width":378,"height":208,"caption":"Rotation Gezondheid"},"image":{"@id":"https:\/\/rotation.eu\/nl\/#\/schema\/logo\/image\/"}}]}},"jetpack_shortlink":"https:\/\/wp.me\/P3SKzs-n","jetpack_likes_enabled":false,"_links":{"self":[{"href":"http:\/\/rotation.eu\/nl\/wp-json\/wp\/v2\/pages\/23"}],"collection":[{"href":"http:\/\/rotation.eu\/nl\/wp-json\/wp\/v2\/pages"}],"about":[{"href":"http:\/\/rotation.eu\/nl\/wp-json\/wp\/v2\/types\/page"}],"author":[{"embeddable":true,"href":"http:\/\/rotation.eu\/nl\/wp-json\/wp\/v2\/users\/1"}],"replies":[{"embeddable":true,"href":"http:\/\/rotation.eu\/nl\/wp-json\/wp\/v2\/comments?post=23"}],"version-history":[{"count":2,"href":"http:\/\/rotation.eu\/nl\/wp-json\/wp\/v2\/pages\/23\/revisions"}],"predecessor-version":[{"id":25,"href":"http:\/\/rotation.eu\/nl\/wp-json\/wp\/v2\/pages\/23\/revisions\/25"}],"up":[{"embeddable":true,"href":"http:\/\/rotation.eu\/nl\/wp-json\/wp\/v2\/pages\/14"}],"wp:attachment":[{"href":"http:\/\/rotation.eu\/nl\/wp-json\/wp\/v2\/media?parent=23"}],"curies":[{"name":"wp","href":"https:\/\/api.w.org\/{rel}","templated":true}]}}