{"id":176,"date":"2013-09-08T12:30:16","date_gmt":"2013-09-08T11:30:16","guid":{"rendered":"http:\/\/rotation.eu\/nl\/?page_id=176"},"modified":"2014-09-29T23:32:26","modified_gmt":"2014-09-29T22:32:26","slug":"disclaimer","status":"publish","type":"page","link":"http:\/\/rotation.eu\/nl\/beleid\/disclaimer\/","title":{"rendered":"Disclaimer"},"content":{"rendered":"<h2><span style=\"font-family: tahoma, arial, helvetica, sans-serif;\">Disclaimer<\/span><\/h2>\n<p><span style=\"font-family: Tahoma, sans-serif; font-size: 14pt; color: #888888;\"><i><b><span style=\"font-family: tahoma, arial, helvetica, sans-serif;\">Rotation<\/span>\u00a0<\/b><\/i><\/span><span style=\"font-family: tahoma, arial, helvetica, sans-serif; font-size: 12pt;\">geeft informatie en helpt met een veelheid van onderwerpen op spiritueel, geneeskundig en psychologisch gebied.<\/span><\/p>\n<p><span style=\"font-family: tahoma, arial, helvetica, sans-serif; font-size: 12pt;\">We hopen daarmee informatie te geven over een aantal van die therapie\u00ebn die beogen je verder te helpen op je pad, als je vastzit of als je lichamelijk niet in orde bent.<\/span><\/p>\n<p><span style=\"font-family: tahoma, arial, helvetica, sans-serif; font-size: 12pt;\">Juist in deze gevallen is het goed als je kritisch blijft en je goed laat informeren voordat je kiest voor een bepaalde therapie. Niet iedere therapie is voor iedereen even geschikt. Helaas zijn er ook mensen die zich aandienen als therapeut maar niet over voldoende zelfkritiek beschikken. Die mensen zullen je niet verder kunnen helpen.<\/span><\/p>\n<p><span style=\"font-family: tahoma, arial, helvetica, sans-serif; font-size: 12pt;\">Je kunt ook zelf te hoge verwachtingen hebben van een bepaalde therapie, van een bepaalde therapeut en zo teleurgesteld kunnen raken.<\/span><\/p>\n<p><span style=\"font-family: tahoma, arial, helvetica, sans-serif; font-size: 12pt;\">We willen je dan ook nadrukkelijk adviseren om kritisch te blijven, vragen te blijven stellen, navraag te doen bij anderen, je gevoel \u00e9n je verstand ruim de kans te geven voordat je beslist wat je gaat doen. Laat je vooral leiden door je eigen intu\u00eftie \u00e9n je gezonde verstand.<\/span><\/p>\n<p><span style=\"font-family: tahoma, arial, helvetica, sans-serif; font-size: 12pt;\">In geval van twijfel, langdurige of zich herhalende klachten is het aan te bevelen een erkende arts \/ psycholoog \/ psychotherapeut te raadplegen. Iedereen die de gegeven suggesties opvolgt is daarvoor zelf geheel verantwoordelijk.<\/span><\/p>\n<p><span style=\"color: #000080; font-family: tahoma, arial, helvetica, sans-serif; font-size: 12pt;\"><span style=\"color: #000000;\">Voordat we een analyse en een behandeling uitvoeren, moet de cli\u00ebnt dit formulier invullen en geeft zijn\/haar toestemming. (In het geval van kinderen of dieren wordt de toestemming van de ouder\/opvoeder of de eigenaar\/de trainer vereist.) De toestemming kan op elk ogenblik worden ingetrokken. Al informatie die door de pati\u00ebnt wordt verstrekt wordt strikt vertrouwelijk behandeld.<\/span><\/span><\/p>\n<p><span style=\"font-family: tahoma, arial, helvetica, sans-serif; font-size: 12pt;\">Aan niets uit de rapporten kan worden geconcludeerd of verklaard dat de producten voor de analyse, een behandeling, of een preventie van om het even welke ziekte of kwaal zijn. Raadpleeg altijd uw arts als u, om het even welke, medische problemen ervaart of wanneer u voorgeschreven medicijnen gebruikt.<\/span><\/p>\n<p><span style=\"font-family: tahoma, arial, helvetica, sans-serif; font-size: 12pt;\"><i>Bij een bio-energetische analyse handelt het enkel en alleen om kwalitatieve en <\/i><i><span style=\"text-decoration: underline;\"><b>geen<\/b><\/span><\/i><i> kwantitatieve waarde metingen. De waarde geeft de bio-energetische resonantie weer die ten grondslag ligt aan de problematiek. Op grond van de uitslagen rust geen enkel klinisch bewijs. <\/i><\/span><\/p>\n<p>&nbsp;<\/p>\n<span class=\"rad_rapidology_bottom_trigger\"><\/span>","protected":false},"excerpt":{"rendered":"<p>Disclaimer Rotation\u00a0geeft informatie en helpt met een veelheid van onderwerpen op spiritueel, geneeskundig en psychologisch gebied. We hopen daarmee informatie te geven over een aantal van die therapie\u00ebn die beogen je verder te helpen op je pad, als je vastzit of als je lichamelijk niet in orde bent. Juist in deze gevallen is het goed &hellip; <\/p>\n<p><a class=\"more-link btn\" href=\"http:\/\/rotation.eu\/nl\/beleid\/disclaimer\/\">Lees verder<\/a><\/p>\n","protected":false},"author":1,"featured_media":0,"parent":49,"menu_order":0,"comment_status":"open","ping_status":"open","template":"","meta":{"_monsterinsights_skip_tracking":false,"_monsterinsights_sitenote_active":false,"_monsterinsights_sitenote_note":"","_monsterinsights_sitenote_category":0,"_links_to":"","_links_to_target":""},"yoast_head":"<!-- This site is optimized with the Yoast SEO plugin v20.6 - https:\/\/yoast.com\/wordpress\/plugins\/seo\/ -->\n<title>Disclaimer - Rotation Gezondheid<\/title>\n<meta name=\"robots\" content=\"index, follow, max-snippet:-1, max-image-preview:large, max-video-preview:-1\" \/>\n<link rel=\"canonical\" href=\"http:\/\/rotation.eu\/nl\/beleid\/disclaimer\/\" \/>\n<meta property=\"og:locale\" content=\"nl_NL\" \/>\n<meta property=\"og:type\" content=\"article\" \/>\n<meta property=\"og:title\" content=\"Disclaimer - Rotation Gezondheid\" \/>\n<meta property=\"og:description\" content=\"Disclaimer Rotation\u00a0geeft informatie en helpt met een veelheid van onderwerpen op spiritueel, geneeskundig en psychologisch gebied. We hopen daarmee informatie te geven over een aantal van die therapie\u00ebn die beogen je verder te helpen op je pad, als je vastzit of als je lichamelijk niet in orde bent. Juist in deze gevallen is het goed &hellip; Lees verder\" \/>\n<meta property=\"og:url\" content=\"http:\/\/rotation.eu\/nl\/beleid\/disclaimer\/\" \/>\n<meta property=\"og:site_name\" content=\"Rotation Gezondheid\" \/>\n<meta property=\"article:modified_time\" content=\"2014-09-29T22:32:26+00:00\" \/>\n<meta name=\"twitter:label1\" content=\"Geschatte leestijd\" \/>\n\t<meta name=\"twitter:data1\" content=\"2 minuten\" \/>\n<script type=\"application\/ld+json\" class=\"yoast-schema-graph\">{\"@context\":\"https:\/\/schema.org\",\"@graph\":[{\"@type\":\"WebPage\",\"@id\":\"http:\/\/rotation.eu\/nl\/beleid\/disclaimer\/\",\"url\":\"http:\/\/rotation.eu\/nl\/beleid\/disclaimer\/\",\"name\":\"Disclaimer - Rotation Gezondheid\",\"isPartOf\":{\"@id\":\"https:\/\/rotation.eu\/nl\/#website\"},\"datePublished\":\"2013-09-08T11:30:16+00:00\",\"dateModified\":\"2014-09-29T22:32:26+00:00\",\"breadcrumb\":{\"@id\":\"http:\/\/rotation.eu\/nl\/beleid\/disclaimer\/#breadcrumb\"},\"inLanguage\":\"nl\",\"potentialAction\":[{\"@type\":\"ReadAction\",\"target\":[\"http:\/\/rotation.eu\/nl\/beleid\/disclaimer\/\"]}]},{\"@type\":\"BreadcrumbList\",\"@id\":\"http:\/\/rotation.eu\/nl\/beleid\/disclaimer\/#breadcrumb\",\"itemListElement\":[{\"@type\":\"ListItem\",\"position\":1,\"name\":\"Beleid\",\"item\":\"http:\/\/rotation.eu\/nl\/beleid\/\"},{\"@type\":\"ListItem\",\"position\":2,\"name\":\"Disclaimer\"}]},{\"@type\":\"WebSite\",\"@id\":\"https:\/\/rotation.eu\/nl\/#website\",\"url\":\"https:\/\/rotation.eu\/nl\/\",\"name\":\"Rotation Gezondheid\",\"description\":\"Orthomoleculaire Voeding &amp; Quantum Response\",\"publisher\":{\"@id\":\"https:\/\/rotation.eu\/nl\/#organization\"},\"potentialAction\":[{\"@type\":\"SearchAction\",\"target\":{\"@type\":\"EntryPoint\",\"urlTemplate\":\"https:\/\/rotation.eu\/nl\/?s={search_term_string}\"},\"query-input\":\"required name=search_term_string\"}],\"inLanguage\":\"nl\"},{\"@type\":\"Organization\",\"@id\":\"https:\/\/rotation.eu\/nl\/#organization\",\"name\":\"Rotation Gezondheid\",\"url\":\"https:\/\/rotation.eu\/nl\/\",\"logo\":{\"@type\":\"ImageObject\",\"inLanguage\":\"nl\",\"@id\":\"https:\/\/rotation.eu\/nl\/#\/schema\/logo\/image\/\",\"url\":\"https:\/\/i0.wp.com\/rotation.eu\/nl\/wp-content\/uploads\/2016\/01\/Logo-Rotation-Gabriola-nl.png?fit=378%2C208\",\"contentUrl\":\"https:\/\/i0.wp.com\/rotation.eu\/nl\/wp-content\/uploads\/2016\/01\/Logo-Rotation-Gabriola-nl.png?fit=378%2C208\",\"width\":378,\"height\":208,\"caption\":\"Rotation Gezondheid\"},\"image\":{\"@id\":\"https:\/\/rotation.eu\/nl\/#\/schema\/logo\/image\/\"}}]}<\/script>\n<!-- \/ Yoast SEO plugin. -->","yoast_head_json":{"title":"Disclaimer - Rotation Gezondheid","robots":{"index":"index","follow":"follow","max-snippet":"max-snippet:-1","max-image-preview":"max-image-preview:large","max-video-preview":"max-video-preview:-1"},"canonical":"http:\/\/rotation.eu\/nl\/beleid\/disclaimer\/","og_locale":"nl_NL","og_type":"article","og_title":"Disclaimer - Rotation Gezondheid","og_description":"Disclaimer Rotation\u00a0geeft informatie en helpt met een veelheid van onderwerpen op spiritueel, geneeskundig en psychologisch gebied. We hopen daarmee informatie te geven over een aantal van die therapie\u00ebn die beogen je verder te helpen op je pad, als je vastzit of als je lichamelijk niet in orde bent. Juist in deze gevallen is het goed &hellip; Lees verder","og_url":"http:\/\/rotation.eu\/nl\/beleid\/disclaimer\/","og_site_name":"Rotation Gezondheid","article_modified_time":"2014-09-29T22:32:26+00:00","twitter_misc":{"Geschatte leestijd":"2 minuten"},"schema":{"@context":"https:\/\/schema.org","@graph":[{"@type":"WebPage","@id":"http:\/\/rotation.eu\/nl\/beleid\/disclaimer\/","url":"http:\/\/rotation.eu\/nl\/beleid\/disclaimer\/","name":"Disclaimer - Rotation Gezondheid","isPartOf":{"@id":"https:\/\/rotation.eu\/nl\/#website"},"datePublished":"2013-09-08T11:30:16+00:00","dateModified":"2014-09-29T22:32:26+00:00","breadcrumb":{"@id":"http:\/\/rotation.eu\/nl\/beleid\/disclaimer\/#breadcrumb"},"inLanguage":"nl","potentialAction":[{"@type":"ReadAction","target":["http:\/\/rotation.eu\/nl\/beleid\/disclaimer\/"]}]},{"@type":"BreadcrumbList","@id":"http:\/\/rotation.eu\/nl\/beleid\/disclaimer\/#breadcrumb","itemListElement":[{"@type":"ListItem","position":1,"name":"Beleid","item":"http:\/\/rotation.eu\/nl\/beleid\/"},{"@type":"ListItem","position":2,"name":"Disclaimer"}]},{"@type":"WebSite","@id":"https:\/\/rotation.eu\/nl\/#website","url":"https:\/\/rotation.eu\/nl\/","name":"Rotation Gezondheid","description":"Orthomoleculaire Voeding &amp; Quantum Response","publisher":{"@id":"https:\/\/rotation.eu\/nl\/#organization"},"potentialAction":[{"@type":"SearchAction","target":{"@type":"EntryPoint","urlTemplate":"https:\/\/rotation.eu\/nl\/?s={search_term_string}"},"query-input":"required name=search_term_string"}],"inLanguage":"nl"},{"@type":"Organization","@id":"https:\/\/rotation.eu\/nl\/#organization","name":"Rotation Gezondheid","url":"https:\/\/rotation.eu\/nl\/","logo":{"@type":"ImageObject","inLanguage":"nl","@id":"https:\/\/rotation.eu\/nl\/#\/schema\/logo\/image\/","url":"https:\/\/i0.wp.com\/rotation.eu\/nl\/wp-content\/uploads\/2016\/01\/Logo-Rotation-Gabriola-nl.png?fit=378%2C208","contentUrl":"https:\/\/i0.wp.com\/rotation.eu\/nl\/wp-content\/uploads\/2016\/01\/Logo-Rotation-Gabriola-nl.png?fit=378%2C208","width":378,"height":208,"caption":"Rotation Gezondheid"},"image":{"@id":"https:\/\/rotation.eu\/nl\/#\/schema\/logo\/image\/"}}]}},"jetpack_shortlink":"https:\/\/wp.me\/P3SKzs-2Q","jetpack_likes_enabled":false,"_links":{"self":[{"href":"http:\/\/rotation.eu\/nl\/wp-json\/wp\/v2\/pages\/176"}],"collection":[{"href":"http:\/\/rotation.eu\/nl\/wp-json\/wp\/v2\/pages"}],"about":[{"href":"http:\/\/rotation.eu\/nl\/wp-json\/wp\/v2\/types\/page"}],"author":[{"embeddable":true,"href":"http:\/\/rotation.eu\/nl\/wp-json\/wp\/v2\/users\/1"}],"replies":[{"embeddable":true,"href":"http:\/\/rotation.eu\/nl\/wp-json\/wp\/v2\/comments?post=176"}],"version-history":[{"count":4,"href":"http:\/\/rotation.eu\/nl\/wp-json\/wp\/v2\/pages\/176\/revisions"}],"predecessor-version":[{"id":645,"href":"http:\/\/rotation.eu\/nl\/wp-json\/wp\/v2\/pages\/176\/revisions\/645"}],"up":[{"embeddable":true,"href":"http:\/\/rotation.eu\/nl\/wp-json\/wp\/v2\/pages\/49"}],"wp:attachment":[{"href":"http:\/\/rotation.eu\/nl\/wp-json\/wp\/v2\/media?parent=176"}],"curies":[{"name":"wp","href":"https:\/\/api.w.org\/{rel}","templated":true}]}}